{"id":9686,"date":"2023-03-01T15:45:22","date_gmt":"2023-03-01T13:45:22","guid":{"rendered":"https:\/\/bbr.news\/?page_id=9686"},"modified":"2024-10-16T11:46:37","modified_gmt":"2024-10-16T09:46:37","slug":"archive","status":"publish","type":"page","link":"https:\/\/bbr.news\/en\/archive","title":{"rendered":"Print archive"},"content":{"rendered":"<div class=\"shariff shariff-align-left shariff-widget-align-left\" data-services=\"facebook\" data-url=\"https:\/\/bbr.news\/en\/archive\" data-timestamp=\"1729079197\" data-hidezero=\"1\" data-backendurl=\"https:\/\/bbr.news\/en\/wp-json\/shariff\/v1\/share_counts?\"><ul class=\"shariff-buttons theme-round orientation-horizontal buttonsize-small\"><li class=\"shariff-button twitter shariff-nocustomcolor\" style=\"background-color:#595959\"><a href=\"https:\/\/twitter.com\/share?url=https%3A%2F%2Fbbr.news%2Fen%2Farchive&text=Print%20archive\" title=\"Bei X teilen\" aria-label=\"Bei X teilen\" role=\"button\" rel=\"noopener nofollow\" class=\"shariff-link\" style=\"; background-color:#000; color:#fff\" target=\"_blank\"><span class=\"shariff-icon\" style=\"\"><svg width=\"32px\" height=\"20px\" xmlns=\"http:\/\/www.w3.org\/2000\/svg\" viewBox=\"0 0 24 24\"><path fill=\"#000\" d=\"M14.258 10.152L23.176 0h-2.113l-7.747 8.813L7.133 0H0l9.352 13.328L0 23.973h2.113l8.176-9.309 6.531 9.309h7.133zm-2.895 3.293l-.949-1.328L2.875 1.56h3.246l6.086 8.523.945 1.328 7.91 11.078h-3.246zm0 0\"\/><\/svg><\/span><\/a><\/li><li class=\"shariff-button facebook shariff-nocustomcolor\" style=\"background-color:#4273c8\"><a href=\"https:\/\/www.facebook.com\/sharer\/sharer.php?u=https%3A%2F%2Fbbr.news%2Fen%2Farchive\" title=\"Bei Facebook teilen\" aria-label=\"Bei Facebook teilen\" role=\"button\" rel=\"nofollow\" class=\"shariff-link\" style=\"; background-color:#3b5998; color:#fff\" target=\"_blank\"><span class=\"shariff-icon\" style=\"\"><svg width=\"32px\" height=\"20px\" xmlns=\"http:\/\/www.w3.org\/2000\/svg\" viewBox=\"0 0 18 32\"><path fill=\"#3b5998\" d=\"M17.1 0.2v4.7h-2.8q-1.5 0-2.1 0.6t-0.5 1.9v3.4h5.2l-0.7 5.3h-4.5v13.6h-5.5v-13.6h-4.5v-5.3h4.5v-3.9q0-3.3 1.9-5.2t5-1.8q2.6 0 4.1 0.2z\"\/><\/svg><\/span><\/a><\/li><li class=\"shariff-button linkedin shariff-nocustomcolor\" style=\"background-color:#1488bf\"><a href=\"https:\/\/www.linkedin.com\/sharing\/share-offsite\/?url=https%3A%2F%2Fbbr.news%2Fen%2Farchive\" title=\"Bei LinkedIn teilen\" aria-label=\"Bei LinkedIn teilen\" role=\"button\" rel=\"noopener nofollow\" class=\"shariff-link\" style=\"; background-color:#0077b5; color:#fff\" target=\"_blank\"><span class=\"shariff-icon\" style=\"\"><svg width=\"32px\" height=\"20px\" xmlns=\"http:\/\/www.w3.org\/2000\/svg\" viewBox=\"0 0 27 32\"><path fill=\"#0077b5\" d=\"M6.2 11.2v17.7h-5.9v-17.7h5.9zM6.6 5.7q0 1.3-0.9 2.2t-2.4 0.9h0q-1.5 0-2.4-0.9t-0.9-2.2 0.9-2.2 2.4-0.9 2.4 0.9 0.9 2.2zM27.4 18.7v10.1h-5.9v-9.5q0-1.9-0.7-2.9t-2.3-1.1q-1.1 0-1.9 0.6t-1.2 1.5q-0.2 0.5-0.2 1.4v9.9h-5.9q0-7.1 0-11.6t0-5.3l0-0.9h5.9v2.6h0q0.4-0.6 0.7-1t1-0.9 1.6-0.8 2-0.3q3 0 4.9 2t1.9 6z\"\/><\/svg><\/span><\/a><\/li><li class=\"shariff-button xing shariff-nocustomcolor\" style=\"background-color:#29888a\"><a href=\"https:\/\/www.xing.com\/spi\/shares\/new?url=https%3A%2F%2Fbbr.news%2Fen%2Farchive\" title=\"Bei XING teilen\" aria-label=\"Bei XING teilen\" role=\"button\" rel=\"noopener nofollow\" class=\"shariff-link\" style=\"; background-color:#126567; color:#fff\" target=\"_blank\"><span class=\"shariff-icon\" style=\"\"><svg width=\"32px\" height=\"20px\" xmlns=\"http:\/\/www.w3.org\/2000\/svg\" viewBox=\"0 0 25 32\"><path fill=\"#126567\" d=\"M10.7 11.9q-0.2 0.3-4.6 8.2-0.5 0.8-1.2 0.8h-4.3q-0.4 0-0.5-0.3t0-0.6l4.5-8q0 0 0 0l-2.9-5q-0.2-0.4 0-0.7 0.2-0.3 0.5-0.3h4.3q0.7 0 1.2 0.8zM25.1 0.4q0.2 0.3 0 0.7l-9.4 16.7 6 11q0.2 0.4 0 0.6-0.2 0.3-0.6 0.3h-4.3q-0.7 0-1.2-0.8l-6-11.1q0.3-0.6 9.5-16.8 0.4-0.8 1.2-0.8h4.3q0.4 0 0.5 0.3z\"\/><\/svg><\/span><\/a><\/li><li class=\"shariff-button mailto shariff-nocustomcolor\" style=\"background-color:#a8a8a8\"><a href=\"mailto:?body=https%3A%2F%2Fbbr.news%2Fen%2Farchive&subject=Print%20archive\" title=\"Per E-Mail versenden\" aria-label=\"Per E-Mail versenden\" role=\"button\" rel=\"noopener nofollow\" class=\"shariff-link\" style=\"; background-color:#999; color:#fff\"><span class=\"shariff-icon\" style=\"\"><svg width=\"32px\" height=\"20px\" xmlns=\"http:\/\/www.w3.org\/2000\/svg\" viewBox=\"0 0 32 32\"><path fill=\"#999\" d=\"M32 12.7v14.2q0 1.2-0.8 2t-2 0.9h-26.3q-1.2 0-2-0.9t-0.8-2v-14.2q0.8 0.9 1.8 1.6 6.5 4.4 8.9 6.1 1 0.8 1.6 1.2t1.7 0.9 2 0.4h0.1q0.9 0 2-0.4t1.7-0.9 1.6-1.2q3-2.2 8.9-6.1 1-0.7 1.8-1.6zM32 7.4q0 1.4-0.9 2.7t-2.2 2.2q-6.7 4.7-8.4 5.8-0.2 0.1-0.7 0.5t-1 0.7-0.9 0.6-1.1 0.5-0.9 0.2h-0.1q-0.4 0-0.9-0.2t-1.1-0.5-0.9-0.6-1-0.7-0.7-0.5q-1.6-1.1-4.7-3.2t-3.6-2.6q-1.1-0.7-2.1-2t-1-2.5q0-1.4 0.7-2.3t2.1-0.9h26.3q1.2 0 2 0.8t0.9 2z\"\/><\/svg><\/span><\/a><\/li><li class=\"shariff-button printer shariff-nocustomcolor\" style=\"background-color:#a8a8a8\"><a href=\"javascript:window.print()\" title=\"drucken\" aria-label=\"drucken\" role=\"button\" rel=\"noopener nofollow\" class=\"shariff-link\" style=\"; background-color:#999; color:#fff\"><span class=\"shariff-icon\" style=\"\"><svg width=\"32px\" height=\"20px\" xmlns=\"http:\/\/www.w3.org\/2000\/svg\" viewBox=\"0 0 30 32\"><path fill=\"#999\" d=\"M6.8 27.4h16v-4.6h-16v4.6zM6.8 16h16v-6.8h-2.8q-0.7 0-1.2-0.5t-0.5-1.2v-2.8h-11.4v11.4zM27.4 17.2q0-0.5-0.3-0.8t-0.8-0.4-0.8 0.4-0.3 0.8 0.3 0.8 0.8 0.3 0.8-0.3 0.3-0.8zM29.7 17.2v7.4q0 0.2-0.2 0.4t-0.4 0.2h-4v2.8q0 0.7-0.5 1.2t-1.2 0.5h-17.2q-0.7 0-1.2-0.5t-0.5-1.2v-2.8h-4q-0.2 0-0.4-0.2t-0.2-0.4v-7.4q0-1.4 1-2.4t2.4-1h1.2v-9.7q0-0.7 0.5-1.2t1.2-0.5h12q0.7 0 1.6 0.4t1.3 0.8l2.7 2.7q0.5 0.5 0.9 1.4t0.4 1.6v4.6h1.1q1.4 0 2.4 1t1 2.4z\"\/><\/svg><\/span><\/a><\/li><\/ul><\/div>\t\t<div data-elementor-type=\"wp-page\" data-elementor-id=\"9686\" class=\"elementor elementor-9686 elementor-9662\" data-elementor-post-type=\"page\">\n\t\t\t\t\t\t<section class=\"elementor-section elementor-top-section elementor-element elementor-element-2146f53c elementor-section-boxed elementor-section-height-default elementor-section-height-default\" data-id=\"2146f53c\" data-element_type=\"section\" data-e-type=\"section\">\n\t\t\t\t\t\t<div class=\"elementor-container elementor-column-gap-default\">\n\t\t\t\t\t<div class=\"elementor-column elementor-col-100 elementor-top-column elementor-element elementor-element-62337617\" data-id=\"62337617\" data-element_type=\"column\" data-e-type=\"column\">\n\t\t\t<div class=\"elementor-widget-wrap elementor-element-populated\">\n\t\t\t\t\t\t<div class=\"elementor-element elementor-element-5cbcd3b3 elementor-widget elementor-widget-text-editor\" data-id=\"5cbcd3b3\" data-element_type=\"widget\" data-e-type=\"widget\" data-widget_type=\"text-editor.default\">\n\t\t\t\t<div class=\"elementor-widget-container\">\n\t\t\t\t\t\t\t\t\t<p style=\"text-align: center;\">All subscribers to our newsletter will receive a free link (pdf) for the current issues of bbr strips sheets tubes.<\/p>\n<\/p>\n<p>\/2024<\/p>\n<table style=\"border-collapse: collapse; width: 100%;\">\n<tbody>\n<tr>\n<td style=\"width: 16.666667%;\"><strong>Year 2024<\/strong><\/td>\n<td style=\"width: 16.666667%;\"> <\/td>\n<td style=\"width: 16.666667%;\"> <\/td>\n<td style=\"width: 16.666667%;\"> <\/td>\n<td style=\"width: 16.666667%;\"> <\/td>\n<\/tr>\n<tr>\n<td style=\"width: 16.666667%; text-align: center;\"> <\/td>\n<td style=\"width: 16.666667%;\"> <\/td>\n<td style=\"width: 16.666667%;\"> <\/td>\n<td style=\"width: 16.666667%;\"> <\/td>\n<td style=\"width: 16.666667%;\"> <\/td>\n<\/tr>\n<tr>\n<td style=\"width: 16.666667%; text-align: center;\"><a href=\"https:\/\/bbr.news\/wp-content\/uploads\/2024\/03\/bbr-2024-01.pdf\"><img fetchpriority=\"high\" decoding=\"async\" class=\"alignnone wp-image-12548 size-medium\" src=\"https:\/\/bbr.news\/wp-content\/uploads\/2024\/03\/bbr-1_2024-317x381.png\" alt=\"bbr 1\/2024\" width=\"317\" height=\"381\" srcset=\"https:\/\/bbr.news\/wp-content\/uploads\/2024\/03\/bbr-1_2024-317x381.png 317w, https:\/\/bbr.news\/wp-content\/uploads\/2024\/03\/bbr-1_2024-1278x1536.png 1278w, https:\/\/bbr.news\/wp-content\/uploads\/2024\/03\/bbr-1_2024-768x923.png 768w, https:\/\/bbr.news\/wp-content\/uploads\/2024\/03\/bbr-1_2024-364x438.png 364w, https:\/\/bbr.news\/wp-content\/uploads\/2024\/03\/bbr-1_2024.png 1564w\" sizes=\"(max-width: 317px) 100vw, 317px\" \/><\/a><\/td>\n<td style=\"width: 16.666667%;\"><a href=\"https:\/\/bbr.news\/wp-content\/uploads\/2024\/05\/bbr_02_2024_web.pdf\"><img decoding=\"async\" class=\"alignnone wp-image-12897 size-medium\" src=\"https:\/\/bbr.news\/wp-content\/uploads\/2024\/05\/bbr_02_2024_web-270x381.png\" alt=\"\" width=\"270\" height=\"381\"><\/a><\/td>\n<td style=\"width: 16.666667%;\"><a href=\"https:\/\/bbr.news\/wp-content\/uploads\/2024\/08\/bbr_03_2024_online.pdf\"><img decoding=\"async\" class=\"alignnone wp-image-13592 size-medium\" src=\"https:\/\/bbr.news\/wp-content\/uploads\/2024\/08\/bbr_03_2024_online-270x381.png\" alt=\"\" width=\"270\" height=\"381\" srcset=\"https:\/\/bbr.news\/wp-content\/uploads\/2024\/08\/bbr_03_2024_online-270x381.png 270w, https:\/\/bbr.news\/wp-content\/uploads\/2024\/08\/bbr_03_2024_online-1089x1536.png 1089w, https:\/\/bbr.news\/wp-content\/uploads\/2024\/08\/bbr_03_2024_online-768x1083.png 768w, https:\/\/bbr.news\/wp-content\/uploads\/2024\/08\/bbr_03_2024_online-311x438.png 311w, https:\/\/bbr.news\/wp-content\/uploads\/2024\/08\/bbr_03_2024_online.png 1359w\" sizes=\"(max-width: 270px) 100vw, 270px\" \/><\/a><\/td>\n<td style=\"width: 16.666667%;\"><a href=\"https:\/\/bbr.news\/wp-content\/uploads\/2024\/10\/bbr-2024-04.pdf\" target=\"_blank\" rel=\"noopener\"><img loading=\"lazy\" decoding=\"async\" class=\"alignnone wp-image-14149 size-medium\" src=\"https:\/\/bbr.news\/wp-content\/uploads\/2024\/10\/bbr042024-269x381.jpg\" alt=\"\" width=\"269\" height=\"381\" srcset=\"https:\/\/bbr.news\/wp-content\/uploads\/2024\/10\/bbr042024-269x381.jpg 269w, https:\/\/bbr.news\/wp-content\/uploads\/2024\/10\/bbr042024-1086x1536.jpg 1086w, https:\/\/bbr.news\/wp-content\/uploads\/2024\/10\/bbr042024-1447x2048.jpg 1447w, https:\/\/bbr.news\/wp-content\/uploads\/2024\/10\/bbr042024-768x1087.jpg 768w, https:\/\/bbr.news\/wp-content\/uploads\/2024\/10\/bbr042024-310x438.jpg 310w, https:\/\/bbr.news\/wp-content\/uploads\/2024\/10\/bbr042024-scaled.jpg 1809w\" sizes=\"(max-width: 269px) 100vw, 269px\" \/><\/a><\/td>\n<td style=\"width: 16.666667%;\"> <\/td>\n<\/tr>\n<tr>\n<td style=\"width: 16.666667%; text-align: center;\"><a href=\"https:\/\/bbr.news\/wp-content\/uploads\/2024\/03\/bbr-2024-01.pdf\">bbr 1\/2024<\/a><\/td>\n<td style=\"width: 16.666667%;\"><a style=\"font-style: normal; font-variant-caps: normal; font-size: 16px; font-family: Roboto; text-align: center;\" href=\"https:\/\/bbr.news\/wp-content\/uploads\/2024\/05\/bbr_02_2024_web.pdf\">bbr 2\/2024<\/a><\/td>\n<td style=\"width: 16.666667%;\"><a style=\"font-style: normal; font-variant-caps: normal; font-size: 16px; font-family: Roboto; text-align: center;\" href=\"https:\/\/bbr.news\/wp-content\/uploads\/2024\/08\/bbr_03_2024_online.pdf\">bbr 3\/2024<\/a><\/td>\n<td style=\"width: 16.666667%;\"><a style=\"font-style: normal; font-variant-caps: normal; font-size: 16px; font-family: Roboto; text-align: center;\" href=\"https:\/\/bbr.news\/wp-content\/uploads\/2024\/10\/bbr-2024-04.pdf\" target=\"_blank\" rel=\"noopener\">bbr 4\/2024<\/a><\/td>\n<td style=\"width: 16.666667%;\"> <\/td>\n<\/tr>\n<tr>\n<td style=\"width: 16.666667%;\"><strong> <\/strong><\/td>\n<td style=\"width: 16.666667%;\"> <\/td>\n<td style=\"width: 16.666667%;\"> <\/td>\n<td style=\"width: 16.666667%;\"> <\/td>\n<td style=\"width: 16.666667%;\"> <\/td>\n<\/tr>\n<tr>\n<td style=\"width: 16.666667%;\"><strong>Year 2023<\/strong><\/td>\n<td style=\"width: 16.666667%;\"> <\/td>\n<td style=\"width: 16.666667%;\"> <\/td>\n<td style=\"width: 16.666667%;\"> <\/td>\n<td style=\"width: 16.666667%;\"> <\/td>\n<\/tr>\n<tr>\n<td style=\"width: 16.666667%; text-align: center;\"><a href=\"https:\/\/bbr.news\/wp-content\/uploads\/2023\/03\/bbr_01_2023_150dpi.pdf\" target=\"_blank\" rel=\"noopener\"><strong><img loading=\"lazy\" decoding=\"async\" src=\"https:\/\/bbr.news\/wp-content\/uploads\/2023\/03\/bbr-01-2023-270x381.png\" alt=\"\" width=\"270\" height=\"381\"><\/strong><\/a><\/td>\n<td style=\"width: 16.666667%; text-align: center;\"><a href=\"https:\/\/bbr.news\/wp-content\/uploads\/2023\/05\/bbr_02_2023_online.pdf\" target=\"_blank\" rel=\"noopener\"><img loading=\"lazy\" decoding=\"async\" src=\"https:\/\/bbr.news\/wp-content\/uploads\/2023\/05\/bbr_02_2023-270x381.png\" alt=\"\" width=\"270\" height=\"381\"><\/a><\/td>\n<td style=\"width: 16.666667%; text-align: center;\"><a href=\"https:\/\/bbr.news\/wp-content\/uploads\/2023\/08\/bbr_03_2023_PDF_web.pdf\" target=\"_blank\" rel=\"noopener\"><img loading=\"lazy\" decoding=\"async\" src=\"https:\/\/bbr.news\/wp-content\/uploads\/2023\/08\/bbr_03_2023_TS-269x381.png\" alt=\"\" width=\"269\" height=\"381\"><\/a><\/td>\n<td style=\"width: 16.666667%; text-align: center;\"><a href=\"https:\/\/bbr.news\/wp-content\/uploads\/2023\/10\/bbr-2023-04.pdf\" target=\"_blank\" rel=\"noopener\"><img loading=\"lazy\" decoding=\"async\" src=\"https:\/\/bbr.news\/wp-content\/uploads\/2023\/10\/bbrTS202304-269x381.png\" alt=\"\" width=\"269\" height=\"381\"><\/a><\/td>\n<td style=\"width: 16.666667%;\"> <\/td>\n<\/tr>\n<tr>\n<td style=\"width: 16.666667%; text-align: center;\"><a href=\"https:\/\/bbr.news\/wp-content\/uploads\/2023\/03\/bbr_01_2023_150dpi.pdf\" target=\"_blank\" rel=\"noopener\">bbr 1\/2023<\/a><\/td>\n<td style=\"width: 16.666667%; text-align: center;\"><a href=\"https:\/\/bbr.news\/wp-content\/uploads\/2023\/05\/bbr_02_2023_online.pdf\" target=\"_blank\" rel=\"noopener\">bbr 2\/2023<\/a><\/td>\n<td style=\"width: 16.666667%; text-align: center;\"><a href=\"https:\/\/bbr.news\/wp-content\/uploads\/2023\/08\/bbr_03_2023_PDF_web.pdf\" target=\"_blank\" rel=\"noopener\">bbr 3\/2023<\/a><\/td>\n<td style=\"width: 16.666667%; text-align: center;\"><a href=\"https:\/\/bbr.news\/wp-content\/uploads\/2023\/10\/bbr-2023-04.pdf\" target=\"_blank\" rel=\"noopener\">bbr 4\/2023<\/a><\/td>\n<td style=\"width: 16.666667%;\"> <\/td>\n<\/tr>\n<tr>\n<td style=\"width: 16.666667%;\"><strong> <\/strong><\/td>\n<td style=\"width: 16.666667%;\"> <\/td>\n<td style=\"width: 16.666667%;\"> <\/td>\n<td style=\"width: 16.666667%;\"> <\/td>\n<td style=\"width: 16.666667%;\"> <\/td>\n<\/tr>\n<tr>\n<td style=\"width: 16.666666666666668%;\"><strong>Year 2022<\/strong><\/td>\n<td style=\"width: 16.666666666666668%;\"> <\/td>\n<td style=\"width: 16.666666666666668%;\"> <\/td>\n<td style=\"width: 16.666666666666668%;\"> <\/td>\n<td style=\"width: 16.666666666666668%;\"> <\/td>\n<\/tr>\n<tr>\n<td style=\"width: 16.666666666666668%;\"><a href=\"https:\/\/bbr.news\/wp-content\/uploads\/2022\/02\/BBR_01_2022.pdf\" target=\"_blank\" rel=\"noopener\"><img loading=\"lazy\" decoding=\"async\" src=\"https:\/\/bbr.news\/wp-content\/uploads\/2023\/03\/bbr-01-2022-269x381.png\" alt=\"\" width=\"269\" height=\"381\"><\/a><\/td>\n<td style=\"width: 16.666666666666668%;\"><a href=\"https:\/\/bbr.news\/wp-content\/uploads\/2022\/05\/bbr_02_2022.pdf\" target=\"_blank\" rel=\"noopener\"><img loading=\"lazy\" decoding=\"async\" src=\"https:\/\/bbr.news\/wp-content\/uploads\/2023\/03\/bbr-02-2022-269x381.png\" alt=\"\" width=\"269\" height=\"381\"><\/a><\/td>\n<td style=\"width: 16.666666666666668%;\"><a href=\"https:\/\/bbr.news\/wp-content\/uploads\/2022\/06\/bbr-2022-03.pdf\" target=\"_blank\" rel=\"noopener\"><img loading=\"lazy\" decoding=\"async\" src=\"https:\/\/bbr.news\/wp-content\/uploads\/2023\/03\/bbr-03-2022-269x381.png\" alt=\"\" width=\"269\" height=\"381\"><\/a><\/td>\n<td style=\"width: 16.666666666666668%;\"><a href=\"https:\/\/bbr.news\/wp-content\/uploads\/2022\/09\/BBR_04_2022.pdf\" target=\"_blank\" rel=\"noopener\"><img loading=\"lazy\" decoding=\"async\" src=\"https:\/\/bbr.news\/wp-content\/uploads\/2023\/03\/bbr-04-2022-270x381.png\" alt=\"\" width=\"270\" height=\"381\"><\/a><\/td>\n<td style=\"width: 16.666666666666668%;\"><a href=\"https:\/\/bbr.news\/wp-content\/uploads\/2022\/10\/bbr_05_2022_PDF_lowres.pdf\" target=\"_blank\" rel=\"noopener\"><img loading=\"lazy\" decoding=\"async\" src=\"https:\/\/bbr.news\/wp-content\/uploads\/2023\/03\/bbr-05-2022-271x381.png\" alt=\"\" width=\"271\" height=\"381\"><\/a><\/td>\n<\/tr>\n<tr>\n<td style=\"width: 16.666666666666668%; text-align: center;\"><a href=\"https:\/\/bbr.news\/wp-content\/uploads\/2022\/02\/BBR_01_2022.pdf\" target=\"_blank\" rel=\"noopener\">bbr 1\/2022<\/a><\/td>\n<td style=\"width: 16.666666666666668%; text-align: center;\"><a href=\"https:\/\/bbr.news\/wp-content\/uploads\/2022\/05\/bbr_02_2022.pdf\" target=\"_blank\" rel=\"noopener\">bbr 2\/2022<\/a><\/td>\n<td style=\"width: 16.666666666666668%; text-align: center;\"><a href=\"https:\/\/bbr.news\/wp-content\/uploads\/2022\/06\/bbr-2022-03.pdf\" target=\"_blank\" rel=\"noopener\">bbr 3\/2022<\/a><\/td>\n<td style=\"width: 16.666666666666668%; text-align: center;\"><a href=\"https:\/\/bbr.news\/wp-content\/uploads\/2022\/09\/BBR_04_2022.pdf\" target=\"_blank\" rel=\"noopener\">bbr 4\/2022<\/a><\/td>\n<td style=\"width: 16.666666666666668%; text-align: center;\"><a href=\"https:\/\/bbr.news\/wp-content\/uploads\/2022\/10\/bbr_05_2022_PDF_lowres.pdf\" target=\"_blank\" rel=\"noopener\">bbr 5\/2022<\/a><\/td>\n<\/tr>\n<\/tbody>\n<\/table>\n\t\t\t\t\t\t\t\t<\/div>\n\t\t\t\t<\/div>\n\t\t\t\t\t<\/div>\n\t\t<\/div>\n\t\t\t\t\t<\/div>\n\t\t<\/section>\n\t\t\t\t<\/div>\n\t\t","protected":false},"excerpt":{"rendered":"<div class=\"mh-excerpt\">All subscribers to our newsletter will receive a free link (pdf) for the current issues of bbr strips sheets tubes. \/2024 Year 2024 bbr 1\/2024 bbr 2\/2024 bbr 3\/2024 bbr <a class=\"mh-excerpt-more\" href=\"https:\/\/bbr.news\/en\/archive\" title=\"Print archive\">[&#8230;]<\/a><\/div>\n","protected":false},"author":1,"featured_media":0,"parent":0,"menu_order":0,"comment_status":"closed","ping_status":"closed","template":"","meta":{"footnotes":""},"class_list":["post-9686","page","type-page","status-publish"],"yoast_head":"<!-- This site is optimized with the Yoast SEO plugin v25.6 - https:\/\/yoast.com\/wordpress\/plugins\/seo\/ -->\n<title>Print archive - bbr B\u00e4nder Bleche Rohre<\/title>\n<meta name=\"description\" content=\"bbr B\u00e4nder Bleche Rohre - bietet F\u00fchrungskr\u00e4ften in der Blech, Rohre und Drahtverarbeitenden Industrie wesentliche Informationen und Entscheidungshilfen f\u00fcr die Unternehmerischeundbetriebliche Praxis.\" \/>\n<meta name=\"robots\" content=\"index, follow, max-snippet:-1, max-image-preview:large, max-video-preview:-1\" \/>\n<link rel=\"canonical\" href=\"https:\/\/bbr.news\/en\/archive\" \/>\n<meta property=\"og:locale\" content=\"en_US\" \/>\n<meta property=\"og:type\" content=\"article\" \/>\n<meta property=\"og:title\" content=\"Print archive - bbr B\u00e4nder Bleche Rohre\" \/>\n<meta property=\"og:description\" content=\"bbr B\u00e4nder Bleche Rohre - bietet F\u00fchrungskr\u00e4ften in der Blech, Rohre und Drahtverarbeitenden Industrie wesentliche Informationen und Entscheidungshilfen f\u00fcr die Unternehmerischeundbetriebliche Praxis.\" \/>\n<meta property=\"og:url\" content=\"https:\/\/bbr.news\/en\/archive\" \/>\n<meta property=\"og:site_name\" content=\"bbr B\u00e4nder Bleche Rohre\" \/>\n<meta property=\"article:modified_time\" content=\"2024-10-16T09:46:37+00:00\" \/>\n<meta property=\"og:image\" content=\"https:\/\/bbr.news\/wp-content\/uploads\/2024\/03\/bbr-1_2024.png\" \/>\n\t<meta property=\"og:image:width\" content=\"1564\" \/>\n\t<meta property=\"og:image:height\" content=\"1880\" \/>\n\t<meta property=\"og:image:type\" content=\"image\/png\" \/>\n<meta name=\"twitter:card\" content=\"summary_large_image\" \/>\n<script type=\"application\/ld+json\" class=\"yoast-schema-graph\">{\"@context\":\"https:\/\/schema.org\",\"@graph\":[{\"@type\":\"WebPage\",\"@id\":\"https:\/\/bbr.news\/en\/archive\",\"url\":\"https:\/\/bbr.news\/en\/archive\",\"name\":\"Print archive - bbr B\u00e4nder Bleche Rohre\",\"isPartOf\":{\"@id\":\"https:\/\/bbr.news\/en#website\"},\"primaryImageOfPage\":{\"@id\":\"https:\/\/bbr.news\/en\/archive#primaryimage\"},\"image\":{\"@id\":\"https:\/\/bbr.news\/en\/archive#primaryimage\"},\"thumbnailUrl\":\"https:\/\/bbr.news\/wp-content\/uploads\/2024\/03\/bbr-1_2024-317x381.png\",\"datePublished\":\"2023-03-01T13:45:22+00:00\",\"dateModified\":\"2024-10-16T09:46:37+00:00\",\"description\":\"bbr B\u00e4nder Bleche Rohre - bietet F\u00fchrungskr\u00e4ften in der Blech, Rohre und Drahtverarbeitenden Industrie wesentliche Informationen und Entscheidungshilfen f\u00fcr die Unternehmerischeundbetriebliche Praxis.\",\"breadcrumb\":{\"@id\":\"https:\/\/bbr.news\/en\/archive#breadcrumb\"},\"inLanguage\":\"en-US\",\"potentialAction\":[{\"@type\":\"ReadAction\",\"target\":[\"https:\/\/bbr.news\/en\/archive\"]}]},{\"@type\":\"ImageObject\",\"inLanguage\":\"en-US\",\"@id\":\"https:\/\/bbr.news\/en\/archive#primaryimage\",\"url\":\"https:\/\/bbr.news\/wp-content\/uploads\/2024\/03\/bbr-1_2024-317x381.png\",\"contentUrl\":\"https:\/\/bbr.news\/wp-content\/uploads\/2024\/03\/bbr-1_2024-317x381.png\"},{\"@type\":\"BreadcrumbList\",\"@id\":\"https:\/\/bbr.news\/en\/archive#breadcrumb\",\"itemListElement\":[{\"@type\":\"ListItem\",\"position\":1,\"name\":\"Homepage\",\"item\":\"https:\/\/bbr.news\/en\"},{\"@type\":\"ListItem\",\"position\":2,\"name\":\"Print archive\"}]},{\"@type\":\"WebSite\",\"@id\":\"https:\/\/bbr.news\/en#website\",\"url\":\"https:\/\/bbr.news\/en\",\"name\":\"bbr B\u00e4nder Bleche Rohre\",\"description\":\"\",\"publisher\":{\"@id\":\"https:\/\/bbr.news\/en#organization\"},\"potentialAction\":[{\"@type\":\"SearchAction\",\"target\":{\"@type\":\"EntryPoint\",\"urlTemplate\":\"https:\/\/bbr.news\/en?s={search_term_string}\"},\"query-input\":{\"@type\":\"PropertyValueSpecification\",\"valueRequired\":true,\"valueName\":\"search_term_string\"}}],\"inLanguage\":\"en-US\"},{\"@type\":\"Organization\",\"@id\":\"https:\/\/bbr.news\/en#organization\",\"name\":\"TS MediaConsult\",\"url\":\"https:\/\/bbr.news\/en\",\"logo\":{\"@type\":\"ImageObject\",\"inLanguage\":\"en-US\",\"@id\":\"https:\/\/bbr.news\/en#\/schema\/logo\/image\/\",\"url\":\"https:\/\/bbr.news\/wp-content\/uploads\/2021\/08\/cropped-logobrowserbbr.png\",\"contentUrl\":\"https:\/\/bbr.news\/wp-content\/uploads\/2021\/08\/cropped-logobrowserbbr.png\",\"width\":512,\"height\":512,\"caption\":\"TS MediaConsult\"},\"image\":{\"@id\":\"https:\/\/bbr.news\/en#\/schema\/logo\/image\/\"},\"sameAs\":[\"https:\/\/www.linkedin.com\/company\/bbr-baender-bleche-rohre\",\"https:\/\/www.youtube.com\/channel\/UCH05KnFDaqGAKUPkldd0myQ\"]}]}<\/script>\n<!-- \/ Yoast SEO plugin. -->","yoast_head_json":{"title":"Print archive - bbr B\u00e4nder Bleche Rohre","description":"bbr B\u00e4nder Bleche Rohre - bietet F\u00fchrungskr\u00e4ften in der Blech, Rohre und Drahtverarbeitenden Industrie wesentliche Informationen und Entscheidungshilfen f\u00fcr die Unternehmerischeundbetriebliche Praxis.","robots":{"index":"index","follow":"follow","max-snippet":"max-snippet:-1","max-image-preview":"max-image-preview:large","max-video-preview":"max-video-preview:-1"},"canonical":"https:\/\/bbr.news\/en\/archive","og_locale":"en_US","og_type":"article","og_title":"Print archive - bbr B\u00e4nder Bleche Rohre","og_description":"bbr B\u00e4nder Bleche Rohre - bietet F\u00fchrungskr\u00e4ften in der Blech, Rohre und Drahtverarbeitenden Industrie wesentliche Informationen und Entscheidungshilfen f\u00fcr die Unternehmerischeundbetriebliche Praxis.","og_url":"https:\/\/bbr.news\/en\/archive","og_site_name":"bbr B\u00e4nder Bleche Rohre","article_modified_time":"2024-10-16T09:46:37+00:00","og_image":[{"width":1564,"height":1880,"url":"https:\/\/bbr.news\/wp-content\/uploads\/2024\/03\/bbr-1_2024.png","type":"image\/png"}],"twitter_card":"summary_large_image","schema":{"@context":"https:\/\/schema.org","@graph":[{"@type":"WebPage","@id":"https:\/\/bbr.news\/en\/archive","url":"https:\/\/bbr.news\/en\/archive","name":"Print archive - bbr B\u00e4nder Bleche Rohre","isPartOf":{"@id":"https:\/\/bbr.news\/en#website"},"primaryImageOfPage":{"@id":"https:\/\/bbr.news\/en\/archive#primaryimage"},"image":{"@id":"https:\/\/bbr.news\/en\/archive#primaryimage"},"thumbnailUrl":"https:\/\/bbr.news\/wp-content\/uploads\/2024\/03\/bbr-1_2024-317x381.png","datePublished":"2023-03-01T13:45:22+00:00","dateModified":"2024-10-16T09:46:37+00:00","description":"bbr B\u00e4nder Bleche Rohre - bietet F\u00fchrungskr\u00e4ften in der Blech, Rohre und Drahtverarbeitenden Industrie wesentliche Informationen und Entscheidungshilfen f\u00fcr die Unternehmerischeundbetriebliche Praxis.","breadcrumb":{"@id":"https:\/\/bbr.news\/en\/archive#breadcrumb"},"inLanguage":"en-US","potentialAction":[{"@type":"ReadAction","target":["https:\/\/bbr.news\/en\/archive"]}]},{"@type":"ImageObject","inLanguage":"en-US","@id":"https:\/\/bbr.news\/en\/archive#primaryimage","url":"https:\/\/bbr.news\/wp-content\/uploads\/2024\/03\/bbr-1_2024-317x381.png","contentUrl":"https:\/\/bbr.news\/wp-content\/uploads\/2024\/03\/bbr-1_2024-317x381.png"},{"@type":"BreadcrumbList","@id":"https:\/\/bbr.news\/en\/archive#breadcrumb","itemListElement":[{"@type":"ListItem","position":1,"name":"Homepage","item":"https:\/\/bbr.news\/en"},{"@type":"ListItem","position":2,"name":"Print archive"}]},{"@type":"WebSite","@id":"https:\/\/bbr.news\/en#website","url":"https:\/\/bbr.news\/en","name":"bbr B\u00e4nder Bleche Rohre","description":"","publisher":{"@id":"https:\/\/bbr.news\/en#organization"},"potentialAction":[{"@type":"SearchAction","target":{"@type":"EntryPoint","urlTemplate":"https:\/\/bbr.news\/en?s={search_term_string}"},"query-input":{"@type":"PropertyValueSpecification","valueRequired":true,"valueName":"search_term_string"}}],"inLanguage":"en-US"},{"@type":"Organization","@id":"https:\/\/bbr.news\/en#organization","name":"TS MediaConsult","url":"https:\/\/bbr.news\/en","logo":{"@type":"ImageObject","inLanguage":"en-US","@id":"https:\/\/bbr.news\/en#\/schema\/logo\/image\/","url":"https:\/\/bbr.news\/wp-content\/uploads\/2021\/08\/cropped-logobrowserbbr.png","contentUrl":"https:\/\/bbr.news\/wp-content\/uploads\/2021\/08\/cropped-logobrowserbbr.png","width":512,"height":512,"caption":"TS MediaConsult"},"image":{"@id":"https:\/\/bbr.news\/en#\/schema\/logo\/image\/"},"sameAs":["https:\/\/www.linkedin.com\/company\/bbr-baender-bleche-rohre","https:\/\/www.youtube.com\/channel\/UCH05KnFDaqGAKUPkldd0myQ"]}]}},"_links":{"self":[{"href":"https:\/\/bbr.news\/en\/wp-json\/wp\/v2\/pages\/9686"}],"collection":[{"href":"https:\/\/bbr.news\/en\/wp-json\/wp\/v2\/pages"}],"about":[{"href":"https:\/\/bbr.news\/en\/wp-json\/wp\/v2\/types\/page"}],"author":[{"embeddable":true,"href":"https:\/\/bbr.news\/en\/wp-json\/wp\/v2\/users\/1"}],"replies":[{"embeddable":true,"href":"https:\/\/bbr.news\/en\/wp-json\/wp\/v2\/comments?post=9686"}],"version-history":[{"count":2,"href":"https:\/\/bbr.news\/en\/wp-json\/wp\/v2\/pages\/9686\/revisions"}],"predecessor-version":[{"id":14469,"href":"https:\/\/bbr.news\/en\/wp-json\/wp\/v2\/pages\/9686\/revisions\/14469"}],"wp:attachment":[{"href":"https:\/\/bbr.news\/en\/wp-json\/wp\/v2\/media?parent=9686"}],"curies":[{"name":"wp","href":"https:\/\/api.w.org\/{rel}","templated":true}]}}