{"id":2582,"date":"2020-06-12T10:38:50","date_gmt":"2020-06-12T08:38:50","guid":{"rendered":"https:\/\/bbr.news\/?page_id=2582"},"modified":"2022-03-23T09:56:19","modified_gmt":"2022-03-23T07:56:19","slug":"impressum","status":"publish","type":"page","link":"https:\/\/bbr.news\/en\/impressum","title":{"rendered":"Imprint"},"content":{"rendered":"&#13;\n<p>Information according to \u00a7 5 paragraph 1 TMG<\/p>&#13;\n&#13;\n<p><strong>Address:<\/strong><\/p>&#13;\n&#13;\n<p>ELIGIUS PUBLISHING<\/p>&#13;\n<p>Peter H\u00fcller, Lutz Roloff,<br\/>Hans Georg Sch\u00e4tzl,<br\/>Thomas Schumann GbR<br\/><br\/>Rudolf-Seeberger-Allee 17<br\/>82407 Wielenbach<\/p>&#13;\n&#13;\n<p>Phone: +49 (0) 881\/39464179<\/p>&#13;\n&#13;\n<p>E-mail: info(at)bbr.news<\/p>&#13;\n<p>VAT ID No.: DE349511188<\/p>&#13;\n&#13;\n<p>\u00a0<\/p>&#13;\n&#13;\n<p><strong>Editor-in-Chief:<\/strong><br\/>Hans-Georg Sch\u00e4tzl<br\/>E-mail: hansgeorg.schaetzl(at)bbr.news<\/p>&#13;\n&#13;\n<p>\u00a0<\/p>&#13;\n<h3>Haftung f\u00fcr Inhalte<\/h3>&#13;\n<p>As a service provider, we are, in accordance with \u00a7 7 para.1 TMG is responsible for its own content on these pages under the general laws. According to \u00a7\u00a7 8 to 10 TMG, however, we are not obligated as a service provider to monitor transmitted or stored third-party information or to investigate circumstances that indicate illegal activity.<\/p>&#13;\n<p>Obligations to remove or block the use of information in accordance with general laws remain unaffected. However, liability in this regard is only possible from the time of knowledge of a concrete infringement. If we become aware of any such infringements, we will remove the content in question immediately.<\/p>&#13;\n<h3>Haftung f\u00fcr Links<\/h3>&#13;\n<p>Our offer contains links to external websites of third parties, on whose contents we have no influence. Therefore, we cannot assume any liability for these external contents. The respective provider or operator of the pages is always responsible for the content of the linked pages. The linked pages were checked for possible legal violations at the time of linking. Illegal contents were not recognizable at the time of linking.<\/p>&#13;\n<p>However, a permanent control of the contents of the linked pages is not reasonable without concrete evidence of a violation of the law. If we become aware of any infringements of the law, we will remove such links immediately.<\/p>&#13;\n<h3>Urheberrecht<\/h3>&#13;\n<p>The contents and works created by bbr.news on these pages are subject to German copyright law. Duplication, processing, distribution, or any form of commercialization of such material beyond the scope of the copyright law shall require the prior written consent of its respective author or creator. Downloads and copies of this page are only permitted for private, non-commercial use.<\/p>&#13;\n<p>Insofar as the content on this page was not created by the operator, the copyrights of third parties are respected. In particular, third-party content is identified as such. Should you nevertheless become aware of a copyright infringement, please inform us accordingly. If we become aware of any infringements, we will remove such content immediately.<\/p>&#13;\n&#13;\n<h3 class=\"wp-block-heading\"><\/h3>&#13;\n<h3 class=\"wp-block-heading\" id=\"h-4-datenschutz\"><strong>DATA PROTECTION  <\/strong><\/h3>&#13;\n<h3><\/h3>&#13;\n<p>See the information on the Privacy Policy page.<\/p>&#13;\n<p>\u00a0<\/p>&#13;\n<h3>Lizenzangaben Fotos<\/h3>&#13;\n<p>\u00a9 iStock.com\/milindri<br\/>\u00a9 iStock.com\/grafart<br\/>\u00a9 iStock.com\/tiero<br\/>\u00a9 iStock.com\/puchit<\/p>&#13;\n","protected":false},"excerpt":{"rendered":"<div class=\"mh-excerpt\">&#13; Information according to \u00a7 5 paragraph 1 TMG &#13; &#13; Address: &#13; &#13; ELIGIUS PUBLISHING &#13; Peter H\u00fcller, Lutz Roloff,Hans Georg Sch\u00e4tzl,Thomas Schumann GbR Rudolf-Seeberger-Allee 1782407 Wielenbach &#13; &#13; <a class=\"mh-excerpt-more\" href=\"https:\/\/bbr.news\/en\/impressum\" title=\"Imprint\">[&#8230;]<\/a><\/div>\n","protected":false},"author":1,"featured_media":0,"parent":0,"menu_order":2,"comment_status":"closed","ping_status":"closed","template":"template-contact.php","meta":{"footnotes":""},"class_list":["post-2582","page","type-page","status-publish"],"yoast_head":"<!-- This site is optimized with the Yoast SEO plugin v25.6 - https:\/\/yoast.com\/wordpress\/plugins\/seo\/ -->\n<title>Imprint - bbr B\u00e4nder Bleche Rohre<\/title>\n<meta name=\"description\" content=\"bbr B\u00e4nder Bleche Rohre - bietet F\u00fchrungskr\u00e4ften in der Blech, Rohre und Drahtverarbeitenden Industrie wesentliche Informationen und Entscheidungshilfen f\u00fcr die Unternehmerischeundbetriebliche Praxis.\" \/>\n<meta name=\"robots\" content=\"index, follow, max-snippet:-1, max-image-preview:large, max-video-preview:-1\" \/>\n<link rel=\"canonical\" href=\"https:\/\/bbr.news\/en\/impressum\" \/>\n<meta property=\"og:locale\" content=\"en_US\" \/>\n<meta property=\"og:type\" content=\"article\" \/>\n<meta property=\"og:title\" content=\"Imprint - bbr B\u00e4nder Bleche Rohre\" \/>\n<meta property=\"og:description\" content=\"bbr B\u00e4nder Bleche Rohre - bietet F\u00fchrungskr\u00e4ften in der Blech, Rohre und Drahtverarbeitenden Industrie wesentliche Informationen und Entscheidungshilfen f\u00fcr die Unternehmerischeundbetriebliche Praxis.\" \/>\n<meta property=\"og:url\" content=\"https:\/\/bbr.news\/en\/impressum\" \/>\n<meta property=\"og:site_name\" content=\"bbr B\u00e4nder Bleche Rohre\" \/>\n<meta property=\"article:modified_time\" content=\"2022-03-23T07:56:19+00:00\" \/>\n<meta name=\"twitter:card\" content=\"summary_large_image\" \/>\n<meta name=\"twitter:label1\" content=\"Est. reading time\" \/>\n\t<meta name=\"twitter:data1\" content=\"2 minutes\" \/>\n<script type=\"application\/ld+json\" class=\"yoast-schema-graph\">{\"@context\":\"https:\/\/schema.org\",\"@graph\":[{\"@type\":\"WebPage\",\"@id\":\"https:\/\/bbr.news\/en\/impressum\",\"url\":\"https:\/\/bbr.news\/en\/impressum\",\"name\":\"Imprint - bbr B\u00e4nder Bleche Rohre\",\"isPartOf\":{\"@id\":\"https:\/\/bbr.news\/en#website\"},\"datePublished\":\"2020-06-12T08:38:50+00:00\",\"dateModified\":\"2022-03-23T07:56:19+00:00\",\"description\":\"bbr B\u00e4nder Bleche Rohre - bietet F\u00fchrungskr\u00e4ften in der Blech, Rohre und Drahtverarbeitenden Industrie wesentliche Informationen und Entscheidungshilfen f\u00fcr die Unternehmerischeundbetriebliche Praxis.\",\"breadcrumb\":{\"@id\":\"https:\/\/bbr.news\/en\/impressum#breadcrumb\"},\"inLanguage\":\"en-US\",\"potentialAction\":[{\"@type\":\"ReadAction\",\"target\":[\"https:\/\/bbr.news\/en\/impressum\"]}]},{\"@type\":\"BreadcrumbList\",\"@id\":\"https:\/\/bbr.news\/en\/impressum#breadcrumb\",\"itemListElement\":[{\"@type\":\"ListItem\",\"position\":1,\"name\":\"Homepage\",\"item\":\"https:\/\/bbr.news\/en\"},{\"@type\":\"ListItem\",\"position\":2,\"name\":\"Imprint\"}]},{\"@type\":\"WebSite\",\"@id\":\"https:\/\/bbr.news\/en#website\",\"url\":\"https:\/\/bbr.news\/en\",\"name\":\"bbr B\u00e4nder Bleche Rohre\",\"description\":\"\",\"publisher\":{\"@id\":\"https:\/\/bbr.news\/en#organization\"},\"potentialAction\":[{\"@type\":\"SearchAction\",\"target\":{\"@type\":\"EntryPoint\",\"urlTemplate\":\"https:\/\/bbr.news\/en?s={search_term_string}\"},\"query-input\":{\"@type\":\"PropertyValueSpecification\",\"valueRequired\":true,\"valueName\":\"search_term_string\"}}],\"inLanguage\":\"en-US\"},{\"@type\":\"Organization\",\"@id\":\"https:\/\/bbr.news\/en#organization\",\"name\":\"TS MediaConsult\",\"url\":\"https:\/\/bbr.news\/en\",\"logo\":{\"@type\":\"ImageObject\",\"inLanguage\":\"en-US\",\"@id\":\"https:\/\/bbr.news\/en#\/schema\/logo\/image\/\",\"url\":\"https:\/\/bbr.news\/wp-content\/uploads\/2021\/08\/cropped-logobrowserbbr.png\",\"contentUrl\":\"https:\/\/bbr.news\/wp-content\/uploads\/2021\/08\/cropped-logobrowserbbr.png\",\"width\":512,\"height\":512,\"caption\":\"TS MediaConsult\"},\"image\":{\"@id\":\"https:\/\/bbr.news\/en#\/schema\/logo\/image\/\"},\"sameAs\":[\"https:\/\/www.linkedin.com\/company\/bbr-baender-bleche-rohre\",\"https:\/\/www.youtube.com\/channel\/UCH05KnFDaqGAKUPkldd0myQ\"]}]}<\/script>\n<!-- \/ Yoast SEO plugin. -->","yoast_head_json":{"title":"Imprint - bbr B\u00e4nder Bleche Rohre","description":"bbr B\u00e4nder Bleche Rohre - bietet F\u00fchrungskr\u00e4ften in der Blech, Rohre und Drahtverarbeitenden Industrie wesentliche Informationen und Entscheidungshilfen f\u00fcr die Unternehmerischeundbetriebliche Praxis.","robots":{"index":"index","follow":"follow","max-snippet":"max-snippet:-1","max-image-preview":"max-image-preview:large","max-video-preview":"max-video-preview:-1"},"canonical":"https:\/\/bbr.news\/en\/impressum","og_locale":"en_US","og_type":"article","og_title":"Imprint - bbr B\u00e4nder Bleche Rohre","og_description":"bbr B\u00e4nder Bleche Rohre - bietet F\u00fchrungskr\u00e4ften in der Blech, Rohre und Drahtverarbeitenden Industrie wesentliche Informationen und Entscheidungshilfen f\u00fcr die Unternehmerischeundbetriebliche Praxis.","og_url":"https:\/\/bbr.news\/en\/impressum","og_site_name":"bbr B\u00e4nder Bleche Rohre","article_modified_time":"2022-03-23T07:56:19+00:00","twitter_card":"summary_large_image","twitter_misc":{"Est. reading time":"2 minutes"},"schema":{"@context":"https:\/\/schema.org","@graph":[{"@type":"WebPage","@id":"https:\/\/bbr.news\/en\/impressum","url":"https:\/\/bbr.news\/en\/impressum","name":"Imprint - bbr B\u00e4nder Bleche Rohre","isPartOf":{"@id":"https:\/\/bbr.news\/en#website"},"datePublished":"2020-06-12T08:38:50+00:00","dateModified":"2022-03-23T07:56:19+00:00","description":"bbr B\u00e4nder Bleche Rohre - bietet F\u00fchrungskr\u00e4ften in der Blech, Rohre und Drahtverarbeitenden Industrie wesentliche Informationen und Entscheidungshilfen f\u00fcr die Unternehmerischeundbetriebliche Praxis.","breadcrumb":{"@id":"https:\/\/bbr.news\/en\/impressum#breadcrumb"},"inLanguage":"en-US","potentialAction":[{"@type":"ReadAction","target":["https:\/\/bbr.news\/en\/impressum"]}]},{"@type":"BreadcrumbList","@id":"https:\/\/bbr.news\/en\/impressum#breadcrumb","itemListElement":[{"@type":"ListItem","position":1,"name":"Homepage","item":"https:\/\/bbr.news\/en"},{"@type":"ListItem","position":2,"name":"Imprint"}]},{"@type":"WebSite","@id":"https:\/\/bbr.news\/en#website","url":"https:\/\/bbr.news\/en","name":"bbr B\u00e4nder Bleche Rohre","description":"","publisher":{"@id":"https:\/\/bbr.news\/en#organization"},"potentialAction":[{"@type":"SearchAction","target":{"@type":"EntryPoint","urlTemplate":"https:\/\/bbr.news\/en?s={search_term_string}"},"query-input":{"@type":"PropertyValueSpecification","valueRequired":true,"valueName":"search_term_string"}}],"inLanguage":"en-US"},{"@type":"Organization","@id":"https:\/\/bbr.news\/en#organization","name":"TS MediaConsult","url":"https:\/\/bbr.news\/en","logo":{"@type":"ImageObject","inLanguage":"en-US","@id":"https:\/\/bbr.news\/en#\/schema\/logo\/image\/","url":"https:\/\/bbr.news\/wp-content\/uploads\/2021\/08\/cropped-logobrowserbbr.png","contentUrl":"https:\/\/bbr.news\/wp-content\/uploads\/2021\/08\/cropped-logobrowserbbr.png","width":512,"height":512,"caption":"TS MediaConsult"},"image":{"@id":"https:\/\/bbr.news\/en#\/schema\/logo\/image\/"},"sameAs":["https:\/\/www.linkedin.com\/company\/bbr-baender-bleche-rohre","https:\/\/www.youtube.com\/channel\/UCH05KnFDaqGAKUPkldd0myQ"]}]}},"_links":{"self":[{"href":"https:\/\/bbr.news\/en\/wp-json\/wp\/v2\/pages\/2582"}],"collection":[{"href":"https:\/\/bbr.news\/en\/wp-json\/wp\/v2\/pages"}],"about":[{"href":"https:\/\/bbr.news\/en\/wp-json\/wp\/v2\/types\/page"}],"author":[{"embeddable":true,"href":"https:\/\/bbr.news\/en\/wp-json\/wp\/v2\/users\/1"}],"replies":[{"embeddable":true,"href":"https:\/\/bbr.news\/en\/wp-json\/wp\/v2\/comments?post=2582"}],"version-history":[{"count":23,"href":"https:\/\/bbr.news\/en\/wp-json\/wp\/v2\/pages\/2582\/revisions"}],"predecessor-version":[{"id":6566,"href":"https:\/\/bbr.news\/en\/wp-json\/wp\/v2\/pages\/2582\/revisions\/6566"}],"wp:attachment":[{"href":"https:\/\/bbr.news\/en\/wp-json\/wp\/v2\/media?parent=2582"}],"curies":[{"name":"wp","href":"https:\/\/api.w.org\/{rel}","templated":true}]}}