{"id":16176,"date":"2025-06-16T22:07:06","date_gmt":"2025-06-16T20:07:06","guid":{"rendered":"https:\/\/bbr.news\/homepage"},"modified":"2025-06-16T22:07:06","modified_gmt":"2025-06-16T20:07:06","slug":"homepage","status":"publish","type":"page","link":"https:\/\/bbr.news\/en","title":{"rendered":"Homepage"},"content":{"rendered":"<div class=\"shariff shariff-align-flex-end shariff-widget-align-flex-end\" data-services=\"facebook\" data-url=\"https%3A%2F%2Fbbr.news%2Fen\" data-timestamp=\"1750111626\" data-hidezero=\"1\" data-backendurl=\"https:\/\/bbr.news\/en\/wp-json\/shariff\/v1\/share_counts?\"><ul class=\"shariff-buttons theme-round orientation-horizontal buttonsize-small\"><li class=\"shariff-button twitter shariff-nocustomcolor\" style=\"background-color:#595959\"><a href=\"https:\/\/twitter.com\/share?url=https%3A%2F%2Fbbr.news%2Fen&text=Homepage\" title=\"Bei X teilen\" aria-label=\"Bei X teilen\" role=\"button\" rel=\"noopener nofollow\" class=\"shariff-link\" style=\"; background-color:#000; color:#fff\" target=\"_blank\"><span class=\"shariff-icon\" style=\"\"><svg width=\"32px\" height=\"20px\" xmlns=\"http:\/\/www.w3.org\/2000\/svg\" viewBox=\"0 0 24 24\"><path fill=\"#000\" d=\"M14.258 10.152L23.176 0h-2.113l-7.747 8.813L7.133 0H0l9.352 13.328L0 23.973h2.113l8.176-9.309 6.531 9.309h7.133zm-2.895 3.293l-.949-1.328L2.875 1.56h3.246l6.086 8.523.945 1.328 7.91 11.078h-3.246zm0 0\"\/><\/svg><\/span><\/a><\/li><li class=\"shariff-button facebook shariff-nocustomcolor\" style=\"background-color:#4273c8\"><a href=\"https:\/\/www.facebook.com\/sharer\/sharer.php?u=https%3A%2F%2Fbbr.news%2Fen\" title=\"Bei Facebook teilen\" aria-label=\"Bei Facebook teilen\" role=\"button\" rel=\"nofollow\" class=\"shariff-link\" style=\"; background-color:#3b5998; color:#fff\" target=\"_blank\"><span class=\"shariff-icon\" style=\"\"><svg width=\"32px\" height=\"20px\" xmlns=\"http:\/\/www.w3.org\/2000\/svg\" viewBox=\"0 0 18 32\"><path fill=\"#3b5998\" d=\"M17.1 0.2v4.7h-2.8q-1.5 0-2.1 0.6t-0.5 1.9v3.4h5.2l-0.7 5.3h-4.5v13.6h-5.5v-13.6h-4.5v-5.3h4.5v-3.9q0-3.3 1.9-5.2t5-1.8q2.6 0 4.1 0.2z\"\/><\/svg><\/span><\/a><\/li><li class=\"shariff-button linkedin shariff-nocustomcolor\" style=\"background-color:#1488bf\"><a href=\"https:\/\/www.linkedin.com\/sharing\/share-offsite\/?url=https%3A%2F%2Fbbr.news%2Fen\" title=\"Bei LinkedIn teilen\" aria-label=\"Bei LinkedIn teilen\" role=\"button\" rel=\"noopener nofollow\" class=\"shariff-link\" style=\"; background-color:#0077b5; color:#fff\" target=\"_blank\"><span class=\"shariff-icon\" style=\"\"><svg width=\"32px\" height=\"20px\" xmlns=\"http:\/\/www.w3.org\/2000\/svg\" viewBox=\"0 0 27 32\"><path fill=\"#0077b5\" d=\"M6.2 11.2v17.7h-5.9v-17.7h5.9zM6.6 5.7q0 1.3-0.9 2.2t-2.4 0.9h0q-1.5 0-2.4-0.9t-0.9-2.2 0.9-2.2 2.4-0.9 2.4 0.9 0.9 2.2zM27.4 18.7v10.1h-5.9v-9.5q0-1.9-0.7-2.9t-2.3-1.1q-1.1 0-1.9 0.6t-1.2 1.5q-0.2 0.5-0.2 1.4v9.9h-5.9q0-7.1 0-11.6t0-5.3l0-0.9h5.9v2.6h0q0.4-0.6 0.7-1t1-0.9 1.6-0.8 2-0.3q3 0 4.9 2t1.9 6z\"\/><\/svg><\/span><\/a><\/li><li class=\"shariff-button xing shariff-nocustomcolor\" style=\"background-color:#29888a\"><a href=\"https:\/\/www.xing.com\/spi\/shares\/new?url=https%3A%2F%2Fbbr.news%2Fen\" title=\"Bei XING teilen\" aria-label=\"Bei XING teilen\" role=\"button\" rel=\"noopener nofollow\" class=\"shariff-link\" style=\"; background-color:#126567; color:#fff\" target=\"_blank\"><span class=\"shariff-icon\" style=\"\"><svg width=\"32px\" height=\"20px\" xmlns=\"http:\/\/www.w3.org\/2000\/svg\" viewBox=\"0 0 25 32\"><path fill=\"#126567\" d=\"M10.7 11.9q-0.2 0.3-4.6 8.2-0.5 0.8-1.2 0.8h-4.3q-0.4 0-0.5-0.3t0-0.6l4.5-8q0 0 0 0l-2.9-5q-0.2-0.4 0-0.7 0.2-0.3 0.5-0.3h4.3q0.7 0 1.2 0.8zM25.1 0.4q0.2 0.3 0 0.7l-9.4 16.7 6 11q0.2 0.4 0 0.6-0.2 0.3-0.6 0.3h-4.3q-0.7 0-1.2-0.8l-6-11.1q0.3-0.6 9.5-16.8 0.4-0.8 1.2-0.8h4.3q0.4 0 0.5 0.3z\"\/><\/svg><\/span><\/a><\/li><li class=\"shariff-button mailto shariff-nocustomcolor\" style=\"background-color:#a8a8a8\"><a href=\"mailto:?body=https%3A%2F%2Fbbr.news%2Fen&subject=Homepage\" title=\"Per E-Mail versenden\" aria-label=\"Per E-Mail versenden\" role=\"button\" rel=\"noopener nofollow\" class=\"shariff-link\" style=\"; background-color:#999; color:#fff\"><span class=\"shariff-icon\" style=\"\"><svg width=\"32px\" height=\"20px\" xmlns=\"http:\/\/www.w3.org\/2000\/svg\" viewBox=\"0 0 32 32\"><path fill=\"#999\" d=\"M32 12.7v14.2q0 1.2-0.8 2t-2 0.9h-26.3q-1.2 0-2-0.9t-0.8-2v-14.2q0.8 0.9 1.8 1.6 6.5 4.4 8.9 6.1 1 0.8 1.6 1.2t1.7 0.9 2 0.4h0.1q0.9 0 2-0.4t1.7-0.9 1.6-1.2q3-2.2 8.9-6.1 1-0.7 1.8-1.6zM32 7.4q0 1.4-0.9 2.7t-2.2 2.2q-6.7 4.7-8.4 5.8-0.2 0.1-0.7 0.5t-1 0.7-0.9 0.6-1.1 0.5-0.9 0.2h-0.1q-0.4 0-0.9-0.2t-1.1-0.5-0.9-0.6-1-0.7-0.7-0.5q-1.6-1.1-4.7-3.2t-3.6-2.6q-1.1-0.7-2.1-2t-1-2.5q0-1.4 0.7-2.3t2.1-0.9h26.3q1.2 0 2 0.8t0.9 2z\"\/><\/svg><\/span><\/a><\/li><li class=\"shariff-button printer shariff-nocustomcolor\" style=\"background-color:#a8a8a8\"><a href=\"javascript:window.print()\" title=\"drucken\" aria-label=\"drucken\" role=\"button\" rel=\"noopener nofollow\" class=\"shariff-link\" style=\"; background-color:#999; color:#fff\"><span class=\"shariff-icon\" style=\"\"><svg width=\"32px\" height=\"20px\" xmlns=\"http:\/\/www.w3.org\/2000\/svg\" viewBox=\"0 0 30 32\"><path fill=\"#999\" d=\"M6.8 27.4h16v-4.6h-16v4.6zM6.8 16h16v-6.8h-2.8q-0.7 0-1.2-0.5t-0.5-1.2v-2.8h-11.4v11.4zM27.4 17.2q0-0.5-0.3-0.8t-0.8-0.4-0.8 0.4-0.3 0.8 0.3 0.8 0.8 0.3 0.8-0.3 0.3-0.8zM29.7 17.2v7.4q0 0.2-0.2 0.4t-0.4 0.2h-4v2.8q0 0.7-0.5 1.2t-1.2 0.5h-17.2q-0.7 0-1.2-0.5t-0.5-1.2v-2.8h-4q-0.2 0-0.4-0.2t-0.2-0.4v-7.4q0-1.4 1-2.4t2.4-1h1.2v-9.7q0-0.7 0.5-1.2t1.2-0.5h12q0.7 0 1.6 0.4t1.3 0.8l2.7 2.7q0.5 0.5 0.9 1.4t0.4 1.6v4.6h1.1q1.4 0 2.4 1t1 2.4z\"\/><\/svg><\/span><\/a><\/li><\/ul><\/div>","protected":false},"excerpt":{"rendered":"<div class=\"mh-excerpt\"><\/div>\n","protected":false},"author":0,"featured_media":0,"parent":0,"menu_order":0,"comment_status":"closed","ping_status":"closed","template":"template-homepage.php","meta":{"footnotes":""},"class_list":["post-16176","page","type-page","status-publish"],"yoast_head":"<!-- This site is optimized with the Yoast SEO plugin v25.6 - https:\/\/yoast.com\/wordpress\/plugins\/seo\/ -->\n<title>Homepage - bbr B\u00e4nder Bleche Rohre<\/title>\n<meta name=\"description\" content=\"bbr B\u00e4nder Bleche Rohre - bietet F\u00fchrungskr\u00e4ften in der Blech, Rohre und Drahtverarbeitenden Industrie wesentliche Informationen und Entscheidungshilfen f\u00fcr die Unternehmerischeundbetriebliche Praxis.\" \/>\n<meta name=\"robots\" content=\"index, follow, max-snippet:-1, max-image-preview:large, max-video-preview:-1\" \/>\n<link rel=\"canonical\" href=\"https:\/\/bbr.news\/en\" \/>\n<meta property=\"og:locale\" content=\"en_US\" \/>\n<meta property=\"og:type\" content=\"article\" \/>\n<meta property=\"og:title\" content=\"Homepage - bbr B\u00e4nder Bleche Rohre\" \/>\n<meta property=\"og:description\" content=\"bbr B\u00e4nder Bleche Rohre - bietet F\u00fchrungskr\u00e4ften in der Blech, Rohre und Drahtverarbeitenden Industrie wesentliche Informationen und Entscheidungshilfen f\u00fcr die Unternehmerischeundbetriebliche Praxis.\" \/>\n<meta property=\"og:url\" content=\"https:\/\/bbr.news\/en\" \/>\n<meta property=\"og:site_name\" content=\"bbr B\u00e4nder Bleche Rohre\" \/>\n<meta name=\"twitter:card\" content=\"summary_large_image\" \/>\n<script type=\"application\/ld+json\" class=\"yoast-schema-graph\">{\"@context\":\"https:\/\/schema.org\",\"@graph\":[{\"@type\":\"WebPage\",\"@id\":\"https:\/\/bbr.news\/en\",\"url\":\"https:\/\/bbr.news\/en\",\"name\":\"Homepage - bbr B\u00e4nder Bleche Rohre\",\"isPartOf\":{\"@id\":\"https:\/\/bbr.news\/en#website\"},\"datePublished\":\"2025-06-16T20:07:06+00:00\",\"description\":\"bbr B\u00e4nder Bleche Rohre - bietet F\u00fchrungskr\u00e4ften in der Blech, Rohre und Drahtverarbeitenden Industrie wesentliche Informationen und Entscheidungshilfen f\u00fcr die Unternehmerischeundbetriebliche Praxis.\",\"breadcrumb\":{\"@id\":\"https:\/\/bbr.news\/en#breadcrumb\"},\"inLanguage\":\"en-US\",\"potentialAction\":[{\"@type\":\"ReadAction\",\"target\":[\"https:\/\/bbr.news\/en\"]}]},{\"@type\":\"BreadcrumbList\",\"@id\":\"https:\/\/bbr.news\/en#breadcrumb\",\"itemListElement\":[{\"@type\":\"ListItem\",\"position\":1,\"name\":\"Homepage\",\"item\":\"https:\/\/bbr.news\/en\"},{\"@type\":\"ListItem\",\"position\":2,\"name\":\"Homepage\"}]},{\"@type\":\"WebSite\",\"@id\":\"https:\/\/bbr.news\/en#website\",\"url\":\"https:\/\/bbr.news\/en\",\"name\":\"bbr B\u00e4nder Bleche Rohre\",\"description\":\"\",\"publisher\":{\"@id\":\"https:\/\/bbr.news\/en#organization\"},\"potentialAction\":[{\"@type\":\"SearchAction\",\"target\":{\"@type\":\"EntryPoint\",\"urlTemplate\":\"https:\/\/bbr.news\/en?s={search_term_string}\"},\"query-input\":{\"@type\":\"PropertyValueSpecification\",\"valueRequired\":true,\"valueName\":\"search_term_string\"}}],\"inLanguage\":\"en-US\"},{\"@type\":\"Organization\",\"@id\":\"https:\/\/bbr.news\/en#organization\",\"name\":\"TS MediaConsult\",\"url\":\"https:\/\/bbr.news\/en\",\"logo\":{\"@type\":\"ImageObject\",\"inLanguage\":\"en-US\",\"@id\":\"https:\/\/bbr.news\/en#\/schema\/logo\/image\/\",\"url\":\"https:\/\/bbr.news\/wp-content\/uploads\/2021\/08\/cropped-logobrowserbbr.png\",\"contentUrl\":\"https:\/\/bbr.news\/wp-content\/uploads\/2021\/08\/cropped-logobrowserbbr.png\",\"width\":512,\"height\":512,\"caption\":\"TS MediaConsult\"},\"image\":{\"@id\":\"https:\/\/bbr.news\/en#\/schema\/logo\/image\/\"},\"sameAs\":[\"https:\/\/www.linkedin.com\/company\/bbr-baender-bleche-rohre\",\"https:\/\/www.youtube.com\/channel\/UCH05KnFDaqGAKUPkldd0myQ\"]}]}<\/script>\n<!-- \/ Yoast SEO plugin. -->","yoast_head_json":{"title":"Homepage - bbr B\u00e4nder Bleche Rohre","description":"bbr B\u00e4nder Bleche Rohre - bietet F\u00fchrungskr\u00e4ften in der Blech, Rohre und Drahtverarbeitenden Industrie wesentliche Informationen und Entscheidungshilfen f\u00fcr die Unternehmerischeundbetriebliche Praxis.","robots":{"index":"index","follow":"follow","max-snippet":"max-snippet:-1","max-image-preview":"max-image-preview:large","max-video-preview":"max-video-preview:-1"},"canonical":"https:\/\/bbr.news\/en","og_locale":"en_US","og_type":"article","og_title":"Homepage - bbr B\u00e4nder Bleche Rohre","og_description":"bbr B\u00e4nder Bleche Rohre - bietet F\u00fchrungskr\u00e4ften in der Blech, Rohre und Drahtverarbeitenden Industrie wesentliche Informationen und Entscheidungshilfen f\u00fcr die Unternehmerischeundbetriebliche Praxis.","og_url":"https:\/\/bbr.news\/en","og_site_name":"bbr B\u00e4nder Bleche Rohre","twitter_card":"summary_large_image","schema":{"@context":"https:\/\/schema.org","@graph":[{"@type":"WebPage","@id":"https:\/\/bbr.news\/en","url":"https:\/\/bbr.news\/en","name":"Homepage - bbr B\u00e4nder Bleche Rohre","isPartOf":{"@id":"https:\/\/bbr.news\/en#website"},"datePublished":"2025-06-16T20:07:06+00:00","description":"bbr B\u00e4nder Bleche Rohre - bietet F\u00fchrungskr\u00e4ften in der Blech, Rohre und Drahtverarbeitenden Industrie wesentliche Informationen und Entscheidungshilfen f\u00fcr die Unternehmerischeundbetriebliche Praxis.","breadcrumb":{"@id":"https:\/\/bbr.news\/en#breadcrumb"},"inLanguage":"en-US","potentialAction":[{"@type":"ReadAction","target":["https:\/\/bbr.news\/en"]}]},{"@type":"BreadcrumbList","@id":"https:\/\/bbr.news\/en#breadcrumb","itemListElement":[{"@type":"ListItem","position":1,"name":"Homepage","item":"https:\/\/bbr.news\/en"},{"@type":"ListItem","position":2,"name":"Homepage"}]},{"@type":"WebSite","@id":"https:\/\/bbr.news\/en#website","url":"https:\/\/bbr.news\/en","name":"bbr B\u00e4nder Bleche Rohre","description":"","publisher":{"@id":"https:\/\/bbr.news\/en#organization"},"potentialAction":[{"@type":"SearchAction","target":{"@type":"EntryPoint","urlTemplate":"https:\/\/bbr.news\/en?s={search_term_string}"},"query-input":{"@type":"PropertyValueSpecification","valueRequired":true,"valueName":"search_term_string"}}],"inLanguage":"en-US"},{"@type":"Organization","@id":"https:\/\/bbr.news\/en#organization","name":"TS MediaConsult","url":"https:\/\/bbr.news\/en","logo":{"@type":"ImageObject","inLanguage":"en-US","@id":"https:\/\/bbr.news\/en#\/schema\/logo\/image\/","url":"https:\/\/bbr.news\/wp-content\/uploads\/2021\/08\/cropped-logobrowserbbr.png","contentUrl":"https:\/\/bbr.news\/wp-content\/uploads\/2021\/08\/cropped-logobrowserbbr.png","width":512,"height":512,"caption":"TS MediaConsult"},"image":{"@id":"https:\/\/bbr.news\/en#\/schema\/logo\/image\/"},"sameAs":["https:\/\/www.linkedin.com\/company\/bbr-baender-bleche-rohre","https:\/\/www.youtube.com\/channel\/UCH05KnFDaqGAKUPkldd0myQ"]}]}},"_links":{"self":[{"href":"https:\/\/bbr.news\/en\/wp-json\/wp\/v2\/pages\/16176"}],"collection":[{"href":"https:\/\/bbr.news\/en\/wp-json\/wp\/v2\/pages"}],"about":[{"href":"https:\/\/bbr.news\/en\/wp-json\/wp\/v2\/types\/page"}],"replies":[{"embeddable":true,"href":"https:\/\/bbr.news\/en\/wp-json\/wp\/v2\/comments?post=16176"}],"version-history":[{"count":0,"href":"https:\/\/bbr.news\/en\/wp-json\/wp\/v2\/pages\/16176\/revisions"}],"wp:attachment":[{"href":"https:\/\/bbr.news\/en\/wp-json\/wp\/v2\/media?parent=16176"}],"curies":[{"name":"wp","href":"https:\/\/api.w.org\/{rel}","templated":true}]}}